{"id":583,"date":"2024-11-16T14:48:25","date_gmt":"2024-11-16T14:48:25","guid":{"rendered":"https:\/\/asesoriabelenmonsalvez.es\/?page_id=583"},"modified":"2024-11-26T02:38:23","modified_gmt":"2024-11-26T02:38:23","slug":"aviso-legal","status":"publish","type":"page","link":"https:\/\/asesoriabelenmonsalvez.es\/en\/aviso-legal\/","title":{"rendered":"Aviso Legal"},"content":{"rendered":"<div data-elementor-type=\"wp-page\" data-elementor-id=\"583\" class=\"elementor elementor-583\" data-elementor-post-type=\"page\">\n\t\t\t\t\t\t<section class=\"elementor-section elementor-top-section elementor-element elementor-element-ca10a73 elementor-section-boxed elementor-section-height-default elementor-section-height-default wpr-particle-no wpr-jarallax-no wpr-parallax-no wpr-sticky-section-no wpr-equal-height-no\" data-id=\"ca10a73\" data-element_type=\"section\" data-e-type=\"section\" data-settings=\"{&quot;background_background&quot;:&quot;classic&quot;}\">\n\t\t\t\t\t\t\t<div class=\"elementor-background-overlay\"><\/div>\n\t\t\t\t\t\t\t<div class=\"elementor-container elementor-column-gap-default\">\n\t\t\t\t\t<div class=\"elementor-column elementor-col-100 elementor-top-column elementor-element elementor-element-0435d1c\" data-id=\"0435d1c\" data-element_type=\"column\" data-e-type=\"column\">\n\t\t\t<div class=\"elementor-widget-wrap elementor-element-populated\">\n\t\t\t\t\t\t<div class=\"elementor-element elementor-element-5e95bf2 elementor-widget elementor-widget-heading\" data-id=\"5e95bf2\" data-element_type=\"widget\" data-e-type=\"widget\" data-widget_type=\"heading.default\">\n\t\t\t\t<div class=\"elementor-widget-container\">\n\t\t\t\t\t<h1 class=\"elementor-heading-title elementor-size-default\">Aviso Legal<\/h1>\t\t\t\t<\/div>\n\t\t\t\t<\/div>\n\t\t\t\t\t<\/div>\n\t\t<\/div>\n\t\t\t\t\t<\/div>\n\t\t<\/section>\n\t\t<div class=\"elementor-element elementor-element-3badf13 e-flex e-con-boxed wpr-particle-no wpr-jarallax-no wpr-parallax-no wpr-sticky-section-no wpr-equal-height-no e-con e-parent\" data-id=\"3badf13\" data-element_type=\"container\" data-e-type=\"container\">\n\t\t\t\t\t<div class=\"e-con-inner\">\n\t\t\t\t<div class=\"elementor-element elementor-element-442c072 elementor-widget elementor-widget-text-editor\" data-id=\"442c072\" data-element_type=\"widget\" data-e-type=\"widget\" data-widget_type=\"text-editor.default\">\n\t\t\t\t<div class=\"elementor-widget-container\">\n\t\t\t\t\t\t\t\t\t<h4>1. Informaci\u00f3n General<\/h4><p>En cumplimiento de lo dispuesto en la Ley de Servicios de la Sociedad de la Informaci\u00f3n y del Comercio Electr\u00f3nico (LSSI-CE), as\u00ed como otras normativas aplicables, se informa a los usuarios de la p\u00e1gina web\u00a0<strong>Asesor\u00eda Bel\u00e9n Mons\u00e1lvez<\/strong>\u00a0(en adelante, \u00abla p\u00e1gina web\u00bb) sobre los siguientes aspectos:<\/p><ul><li><strong>Titular:<\/strong>\u00a0Bel\u00e9n Mons\u00e1lvez<\/li><li><strong>Domicilio:<\/strong> Plaza M\u00fasico Ram\u00f3n Ibars 7, pta 3 escalera derecha.<br \/>46920 Mislata, Valencia, Espa\u00f1a<\/li><li><strong>Correo Electr\u00f3nico:<\/strong> bmonsalvez@cograsova.es<\/li><li><strong>Tel\u00e9fono:<\/strong> +34 608 999 057<\/li><li><strong>Actividad:<\/strong> Servicios de asesor\u00eda.<\/li><\/ul><h4>2. Condiciones de Uso<\/h4><p>El acceso y uso de esta p\u00e1gina web atribuye la condici\u00f3n de \u00abusuario\u00bb y conlleva la aceptaci\u00f3n plena y sin reservas de las condiciones dispuestas en el presente Aviso Legal.<\/p><p>El usuario se compromete a hacer un uso adecuado de los contenidos y servicios ofrecidos en la web, y a no emplearlos para actividades il\u00edcitas, contrarias a la buena fe o al orden p\u00fablico.<\/p><h4>3. Propiedad Intelectual e Industrial<\/h4><p>Todos los contenidos de la p\u00e1gina web (textos, im\u00e1genes, gr\u00e1ficos, logotipos, iconos, software, etc.) son propiedad de\u00a0<strong>Asesor\u00eda Bel\u00e9n Mons\u00e1lvez<\/strong>\u00a0o, en su caso, de terceros que han autorizado su uso.<\/p><p>El uso no autorizado de dichos contenidos ser\u00e1 perseguido conforme a la legislaci\u00f3n vigente.<\/p><h4>4. Protecci\u00f3n de Datos<\/h4><p>De acuerdo con el Reglamento General de Protecci\u00f3n de Datos (RGPD) y la legislaci\u00f3n aplicable en materia de protecci\u00f3n de datos personales, los datos proporcionados a trav\u00e9s de la p\u00e1gina web ser\u00e1n tratados conforme a nuestra\u00a0<strong>Pol\u00edtica de Privacidad<\/strong>, que puede consultarse en [incluir enlace a la pol\u00edtica de privacidad].<\/p><h4>5. Responsabilidad<\/h4><p><strong>Asesor\u00eda Bel\u00e9n Mons\u00e1lvez<\/strong>\u00a0no se responsabiliza de los da\u00f1os y perjuicios derivados del uso indebido de los contenidos de su web ni de los posibles errores t\u00e9cnicos o desconexiones en la p\u00e1gina.<\/p><p>Tampoco se garantiza la disponibilidad continua del servicio.<\/p><h4>6. Legislaci\u00f3n Aplicable y Jurisdicci\u00f3n<\/h4><p>El presente Aviso Legal se rige por la legislaci\u00f3n espa\u00f1ola. Para cualquier controversia que pudiera surgir relacionada con esta p\u00e1gina web, ser\u00e1n competentes los Juzgados y Tribunales de Valencia.<\/p>\t\t\t\t\t\t\t\t<\/div>\n\t\t\t\t<\/div>\n\t\t\t\t\t<\/div>\n\t\t\t\t<\/div>\n\t\t\t\t<\/div>","protected":false},"excerpt":{"rendered":"<p>Aviso Legal 1. Informaci\u00f3n General En cumplimiento de lo dispuesto en la Ley de Servicios de la Sociedad de la Informaci\u00f3n y del Comercio Electr\u00f3nico (LSSI-CE), as\u00ed como otras normativas aplicables, se informa a los usuarios de la p\u00e1gina web\u00a0Asesor\u00eda Bel\u00e9n Mons\u00e1lvez\u00a0(en adelante, \u00abla p\u00e1gina web\u00bb) sobre los siguientes aspectos: Titular:\u00a0Bel\u00e9n Mons\u00e1lvez Domicilio: Plaza M\u00fasico Ram\u00f3n Ibars 7, pta 3 escalera derecha.46920 Mislata, Valencia, Espa\u00f1a Correo Electr\u00f3nico: bmonsalvez@cograsova.es Tel\u00e9fono: +34 608 999 057 Actividad: Servicios de asesor\u00eda. 2. Condiciones de Uso El acceso y uso de esta p\u00e1gina web atribuye la condici\u00f3n de \u00abusuario\u00bb y conlleva la aceptaci\u00f3n plena y sin reservas de las condiciones dispuestas en el presente Aviso Legal. El usuario se compromete a hacer un uso adecuado de los contenidos y servicios ofrecidos en la web, y a no emplearlos para actividades il\u00edcitas, contrarias a la buena fe o al orden p\u00fablico. 3. Propiedad Intelectual e Industrial Todos los contenidos de la p\u00e1gina web (textos, im\u00e1genes, gr\u00e1ficos, logotipos, iconos, software, etc.) son propiedad de\u00a0Asesor\u00eda Bel\u00e9n Mons\u00e1lvez\u00a0o, en su caso, de terceros que han autorizado su uso. El uso no autorizado de dichos contenidos ser\u00e1 perseguido conforme a la legislaci\u00f3n vigente. 4. Protecci\u00f3n de Datos De acuerdo con el Reglamento General de Protecci\u00f3n de Datos (RGPD) y la legislaci\u00f3n aplicable en materia de protecci\u00f3n de datos personales, los datos proporcionados a trav\u00e9s de la p\u00e1gina web ser\u00e1n tratados conforme a nuestra\u00a0Pol\u00edtica de Privacidad, que puede consultarse en [incluir enlace a la pol\u00edtica de privacidad]. 5. Responsabilidad Asesor\u00eda Bel\u00e9n Mons\u00e1lvez\u00a0no se responsabiliza de los da\u00f1os y perjuicios derivados del uso indebido de los contenidos de su web ni de los posibles errores t\u00e9cnicos o desconexiones en la p\u00e1gina. Tampoco se garantiza la disponibilidad continua del servicio. 6. Legislaci\u00f3n Aplicable y Jurisdicci\u00f3n El presente Aviso Legal se rige por la legislaci\u00f3n espa\u00f1ola. Para cualquier controversia que pudiera surgir relacionada con esta p\u00e1gina web, ser\u00e1n competentes los Juzgados y Tribunales de Valencia.<\/p>","protected":false},"author":2,"featured_media":0,"parent":0,"menu_order":0,"comment_status":"closed","ping_status":"closed","template":"elementor_header_footer","meta":{"footnotes":""},"class_list":["post-583","page","type-page","status-publish","hentry"],"yoast_head":"<!-- This site is optimized with the Yoast SEO plugin v27.4 - https:\/\/yoast.com\/product\/yoast-seo-wordpress\/ -->\n<title>Aviso Legal - asesoriabelenmonsalvez.es<\/title>\n<meta name=\"robots\" content=\"index, follow, max-snippet:-1, max-image-preview:large, max-video-preview:-1\" \/>\n<link rel=\"canonical\" href=\"https:\/\/asesoriabelenmonsalvez.es\/en\/aviso-legal\/\" \/>\n<meta property=\"og:locale\" content=\"en_US\" \/>\n<meta property=\"og:type\" content=\"article\" \/>\n<meta property=\"og:title\" content=\"Aviso Legal - asesoriabelenmonsalvez.es\" \/>\n<meta property=\"og:description\" content=\"Aviso Legal 1. Informaci\u00f3n General En cumplimiento de lo dispuesto en la Ley de Servicios de la Sociedad de la Informaci\u00f3n y del Comercio Electr\u00f3nico (LSSI-CE), as\u00ed como otras normativas aplicables, se informa a los usuarios de la p\u00e1gina web\u00a0Asesor\u00eda Bel\u00e9n Mons\u00e1lvez\u00a0(en adelante, \u00abla p\u00e1gina web\u00bb) sobre los siguientes aspectos: Titular:\u00a0Bel\u00e9n Mons\u00e1lvez Domicilio: Plaza M\u00fasico Ram\u00f3n Ibars 7, pta 3 escalera derecha.46920 Mislata, Valencia, Espa\u00f1a Correo Electr\u00f3nico: bmonsalvez@cograsova.es Tel\u00e9fono: +34 608 999 057 Actividad: Servicios de asesor\u00eda. 2. Condiciones de Uso El acceso y uso de esta p\u00e1gina web atribuye la condici\u00f3n de \u00abusuario\u00bb y conlleva la aceptaci\u00f3n plena y sin reservas de las condiciones dispuestas en el presente Aviso Legal. El usuario se compromete a hacer un uso adecuado de los contenidos y servicios ofrecidos en la web, y a no emplearlos para actividades il\u00edcitas, contrarias a la buena fe o al orden p\u00fablico. 3. Propiedad Intelectual e Industrial Todos los contenidos de la p\u00e1gina web (textos, im\u00e1genes, gr\u00e1ficos, logotipos, iconos, software, etc.) son propiedad de\u00a0Asesor\u00eda Bel\u00e9n Mons\u00e1lvez\u00a0o, en su caso, de terceros que han autorizado su uso. El uso no autorizado de dichos contenidos ser\u00e1 perseguido conforme a la legislaci\u00f3n vigente. 4. Protecci\u00f3n de Datos De acuerdo con el Reglamento General de Protecci\u00f3n de Datos (RGPD) y la legislaci\u00f3n aplicable en materia de protecci\u00f3n de datos personales, los datos proporcionados a trav\u00e9s de la p\u00e1gina web ser\u00e1n tratados conforme a nuestra\u00a0Pol\u00edtica de Privacidad, que puede consultarse en [incluir enlace a la pol\u00edtica de privacidad]. 5. Responsabilidad Asesor\u00eda Bel\u00e9n Mons\u00e1lvez\u00a0no se responsabiliza de los da\u00f1os y perjuicios derivados del uso indebido de los contenidos de su web ni de los posibles errores t\u00e9cnicos o desconexiones en la p\u00e1gina. Tampoco se garantiza la disponibilidad continua del servicio. 6. Legislaci\u00f3n Aplicable y Jurisdicci\u00f3n El presente Aviso Legal se rige por la legislaci\u00f3n espa\u00f1ola. Para cualquier controversia que pudiera surgir relacionada con esta p\u00e1gina web, ser\u00e1n competentes los Juzgados y Tribunales de Valencia.\" \/>\n<meta property=\"og:url\" content=\"https:\/\/asesoriabelenmonsalvez.es\/en\/aviso-legal\/\" \/>\n<meta property=\"og:site_name\" content=\"asesoriabelenmonsalvez.es\" \/>\n<meta property=\"article:modified_time\" content=\"2024-11-26T02:38:23+00:00\" \/>\n<meta name=\"twitter:card\" content=\"summary_large_image\" \/>\n<meta name=\"twitter:label1\" content=\"Est. reading time\" \/>\n\t<meta name=\"twitter:data1\" content=\"2 minutes\" \/>\n<script type=\"application\/ld+json\" class=\"yoast-schema-graph\">{\"@context\":\"https:\\\/\\\/schema.org\",\"@graph\":[{\"@type\":\"WebPage\",\"@id\":\"https:\\\/\\\/asesoriabelenmonsalvez.es\\\/aviso-legal\\\/\",\"url\":\"https:\\\/\\\/asesoriabelenmonsalvez.es\\\/aviso-legal\\\/\",\"name\":\"Aviso Legal - asesoriabelenmonsalvez.es\",\"isPartOf\":{\"@id\":\"https:\\\/\\\/asesoriabelenmonsalvez.es\\\/#website\"},\"datePublished\":\"2024-11-16T14:48:25+00:00\",\"dateModified\":\"2024-11-26T02:38:23+00:00\",\"breadcrumb\":{\"@id\":\"https:\\\/\\\/asesoriabelenmonsalvez.es\\\/aviso-legal\\\/#breadcrumb\"},\"inLanguage\":\"en-US\",\"potentialAction\":[{\"@type\":\"ReadAction\",\"target\":[\"https:\\\/\\\/asesoriabelenmonsalvez.es\\\/aviso-legal\\\/\"]}]},{\"@type\":\"BreadcrumbList\",\"@id\":\"https:\\\/\\\/asesoriabelenmonsalvez.es\\\/aviso-legal\\\/#breadcrumb\",\"itemListElement\":[{\"@type\":\"ListItem\",\"position\":1,\"name\":\"Portada\",\"item\":\"https:\\\/\\\/asesoriabelenmonsalvez.es\\\/\"},{\"@type\":\"ListItem\",\"position\":2,\"name\":\"Aviso Legal\"}]},{\"@type\":\"WebSite\",\"@id\":\"https:\\\/\\\/asesoriabelenmonsalvez.es\\\/#website\",\"url\":\"https:\\\/\\\/asesoriabelenmonsalvez.es\\\/\",\"name\":\"asesoriabelenmonsalvez.es\",\"description\":\"Asesor\u00eda especializada en el asesoramiento a pymes, emprendedores, e-commerce y empresas de cualquier sector en su camino hacia el \u00e9xito\",\"publisher\":{\"@id\":\"https:\\\/\\\/asesoriabelenmonsalvez.es\\\/#organization\"},\"potentialAction\":[{\"@type\":\"SearchAction\",\"target\":{\"@type\":\"EntryPoint\",\"urlTemplate\":\"https:\\\/\\\/asesoriabelenmonsalvez.es\\\/?s={search_term_string}\"},\"query-input\":{\"@type\":\"PropertyValueSpecification\",\"valueRequired\":true,\"valueName\":\"search_term_string\"}}],\"inLanguage\":\"en-US\"},{\"@type\":\"Organization\",\"@id\":\"https:\\\/\\\/asesoriabelenmonsalvez.es\\\/#organization\",\"name\":\"asesoriabelenmonsalvez.es\",\"url\":\"https:\\\/\\\/asesoriabelenmonsalvez.es\\\/\",\"logo\":{\"@type\":\"ImageObject\",\"inLanguage\":\"en-US\",\"@id\":\"https:\\\/\\\/asesoriabelenmonsalvez.es\\\/#\\\/schema\\\/logo\\\/image\\\/\",\"url\":\"https:\\\/\\\/asesoriabelenmonsalvez.es\\\/wp-content\\\/uploads\\\/2024\\\/09\\\/belen-monsalvez-logo.png\",\"contentUrl\":\"https:\\\/\\\/asesoriabelenmonsalvez.es\\\/wp-content\\\/uploads\\\/2024\\\/09\\\/belen-monsalvez-logo.png\",\"width\":483,\"height\":261,\"caption\":\"asesoriabelenmonsalvez.es\"},\"image\":{\"@id\":\"https:\\\/\\\/asesoriabelenmonsalvez.es\\\/#\\\/schema\\\/logo\\\/image\\\/\"}}]}<\/script>\n<!-- \/ Yoast SEO plugin. -->","yoast_head_json":{"title":"Aviso Legal - asesoriabelenmonsalvez.es","robots":{"index":"index","follow":"follow","max-snippet":"max-snippet:-1","max-image-preview":"max-image-preview:large","max-video-preview":"max-video-preview:-1"},"canonical":"https:\/\/asesoriabelenmonsalvez.es\/en\/aviso-legal\/","og_locale":"en_US","og_type":"article","og_title":"Aviso Legal - asesoriabelenmonsalvez.es","og_description":"Aviso Legal 1. Informaci\u00f3n General En cumplimiento de lo dispuesto en la Ley de Servicios de la Sociedad de la Informaci\u00f3n y del Comercio Electr\u00f3nico (LSSI-CE), as\u00ed como otras normativas aplicables, se informa a los usuarios de la p\u00e1gina web\u00a0Asesor\u00eda Bel\u00e9n Mons\u00e1lvez\u00a0(en adelante, \u00abla p\u00e1gina web\u00bb) sobre los siguientes aspectos: Titular:\u00a0Bel\u00e9n Mons\u00e1lvez Domicilio: Plaza M\u00fasico Ram\u00f3n Ibars 7, pta 3 escalera derecha.46920 Mislata, Valencia, Espa\u00f1a Correo Electr\u00f3nico: bmonsalvez@cograsova.es Tel\u00e9fono: +34 608 999 057 Actividad: Servicios de asesor\u00eda. 2. Condiciones de Uso El acceso y uso de esta p\u00e1gina web atribuye la condici\u00f3n de \u00abusuario\u00bb y conlleva la aceptaci\u00f3n plena y sin reservas de las condiciones dispuestas en el presente Aviso Legal. El usuario se compromete a hacer un uso adecuado de los contenidos y servicios ofrecidos en la web, y a no emplearlos para actividades il\u00edcitas, contrarias a la buena fe o al orden p\u00fablico. 3. Propiedad Intelectual e Industrial Todos los contenidos de la p\u00e1gina web (textos, im\u00e1genes, gr\u00e1ficos, logotipos, iconos, software, etc.) son propiedad de\u00a0Asesor\u00eda Bel\u00e9n Mons\u00e1lvez\u00a0o, en su caso, de terceros que han autorizado su uso. El uso no autorizado de dichos contenidos ser\u00e1 perseguido conforme a la legislaci\u00f3n vigente. 4. Protecci\u00f3n de Datos De acuerdo con el Reglamento General de Protecci\u00f3n de Datos (RGPD) y la legislaci\u00f3n aplicable en materia de protecci\u00f3n de datos personales, los datos proporcionados a trav\u00e9s de la p\u00e1gina web ser\u00e1n tratados conforme a nuestra\u00a0Pol\u00edtica de Privacidad, que puede consultarse en [incluir enlace a la pol\u00edtica de privacidad]. 5. Responsabilidad Asesor\u00eda Bel\u00e9n Mons\u00e1lvez\u00a0no se responsabiliza de los da\u00f1os y perjuicios derivados del uso indebido de los contenidos de su web ni de los posibles errores t\u00e9cnicos o desconexiones en la p\u00e1gina. Tampoco se garantiza la disponibilidad continua del servicio. 6. Legislaci\u00f3n Aplicable y Jurisdicci\u00f3n El presente Aviso Legal se rige por la legislaci\u00f3n espa\u00f1ola. Para cualquier controversia que pudiera surgir relacionada con esta p\u00e1gina web, ser\u00e1n competentes los Juzgados y Tribunales de Valencia.","og_url":"https:\/\/asesoriabelenmonsalvez.es\/en\/aviso-legal\/","og_site_name":"asesoriabelenmonsalvez.es","article_modified_time":"2024-11-26T02:38:23+00:00","twitter_card":"summary_large_image","twitter_misc":{"Est. reading time":"2 minutes"},"schema":{"@context":"https:\/\/schema.org","@graph":[{"@type":"WebPage","@id":"https:\/\/asesoriabelenmonsalvez.es\/aviso-legal\/","url":"https:\/\/asesoriabelenmonsalvez.es\/aviso-legal\/","name":"Aviso Legal - asesoriabelenmonsalvez.es","isPartOf":{"@id":"https:\/\/asesoriabelenmonsalvez.es\/#website"},"datePublished":"2024-11-16T14:48:25+00:00","dateModified":"2024-11-26T02:38:23+00:00","breadcrumb":{"@id":"https:\/\/asesoriabelenmonsalvez.es\/aviso-legal\/#breadcrumb"},"inLanguage":"en-US","potentialAction":[{"@type":"ReadAction","target":["https:\/\/asesoriabelenmonsalvez.es\/aviso-legal\/"]}]},{"@type":"BreadcrumbList","@id":"https:\/\/asesoriabelenmonsalvez.es\/aviso-legal\/#breadcrumb","itemListElement":[{"@type":"ListItem","position":1,"name":"Portada","item":"https:\/\/asesoriabelenmonsalvez.es\/"},{"@type":"ListItem","position":2,"name":"Aviso Legal"}]},{"@type":"WebSite","@id":"https:\/\/asesoriabelenmonsalvez.es\/#website","url":"https:\/\/asesoriabelenmonsalvez.es\/","name":"asesoriabelenmonsalvez.es","description":"Asesor\u00eda especializada en el asesoramiento a pymes, emprendedores, e-commerce y empresas de cualquier sector en su camino hacia el \u00e9xito","publisher":{"@id":"https:\/\/asesoriabelenmonsalvez.es\/#organization"},"potentialAction":[{"@type":"SearchAction","target":{"@type":"EntryPoint","urlTemplate":"https:\/\/asesoriabelenmonsalvez.es\/?s={search_term_string}"},"query-input":{"@type":"PropertyValueSpecification","valueRequired":true,"valueName":"search_term_string"}}],"inLanguage":"en-US"},{"@type":"Organization","@id":"https:\/\/asesoriabelenmonsalvez.es\/#organization","name":"asesoriabelenmonsalvez.es","url":"https:\/\/asesoriabelenmonsalvez.es\/","logo":{"@type":"ImageObject","inLanguage":"en-US","@id":"https:\/\/asesoriabelenmonsalvez.es\/#\/schema\/logo\/image\/","url":"https:\/\/asesoriabelenmonsalvez.es\/wp-content\/uploads\/2024\/09\/belen-monsalvez-logo.png","contentUrl":"https:\/\/asesoriabelenmonsalvez.es\/wp-content\/uploads\/2024\/09\/belen-monsalvez-logo.png","width":483,"height":261,"caption":"asesoriabelenmonsalvez.es"},"image":{"@id":"https:\/\/asesoriabelenmonsalvez.es\/#\/schema\/logo\/image\/"}}]}},"_links":{"self":[{"href":"https:\/\/asesoriabelenmonsalvez.es\/en\/wp-json\/wp\/v2\/pages\/583","targetHints":{"allow":["GET"]}}],"collection":[{"href":"https:\/\/asesoriabelenmonsalvez.es\/en\/wp-json\/wp\/v2\/pages"}],"about":[{"href":"https:\/\/asesoriabelenmonsalvez.es\/en\/wp-json\/wp\/v2\/types\/page"}],"author":[{"embeddable":true,"href":"https:\/\/asesoriabelenmonsalvez.es\/en\/wp-json\/wp\/v2\/users\/2"}],"replies":[{"embeddable":true,"href":"https:\/\/asesoriabelenmonsalvez.es\/en\/wp-json\/wp\/v2\/comments?post=583"}],"version-history":[{"count":4,"href":"https:\/\/asesoriabelenmonsalvez.es\/en\/wp-json\/wp\/v2\/pages\/583\/revisions"}],"predecessor-version":[{"id":614,"href":"https:\/\/asesoriabelenmonsalvez.es\/en\/wp-json\/wp\/v2\/pages\/583\/revisions\/614"}],"wp:attachment":[{"href":"https:\/\/asesoriabelenmonsalvez.es\/en\/wp-json\/wp\/v2\/media?parent=583"}],"curies":[{"name":"wp","href":"https:\/\/api.w.org\/{rel}","templated":true}]}}